{"id":330,"date":"2022-01-18T11:00:40","date_gmt":"2022-01-18T10:00:40","guid":{"rendered":"https:\/\/unique-yachting-dev.jupiter.cdigital.fr\/?page_id=330"},"modified":"2022-05-10T11:58:52","modified_gmt":"2022-05-10T09:58:52","slug":"nous-contacter","status":"publish","type":"page","link":"https:\/\/unique-yachting-monaco.com\/fr\/nous-contacter\/","title":{"rendered":"Nous contacter"},"content":{"rendered":"","protected":false},"excerpt":{"rendered":"","protected":false},"author":1,"featured_media":258,"parent":0,"menu_order":0,"comment_status":"closed","ping_status":"closed","template":"","meta":{"_acf_changed":false,"footnotes":""},"acf":[],"yoast_head":"<!-- This site is optimized with the Yoast SEO plugin v22.1 - https:\/\/yoast.com\/wordpress\/plugins\/seo\/ -->\n<title>Nous contacter - Unique Yachting<\/title>\n<meta name=\"description\" content=\"Pour tous vos projets d&#039;achat ou de location de Yachts d&#039;exception \u00e0 Monaco, n&#039;h\u00e9sitez pas \u00e0 nous contacter depuis notre formulaire.\" \/>\n<meta name=\"robots\" content=\"index, follow, max-snippet:-1, max-image-preview:large, max-video-preview:-1\" \/>\n<link rel=\"canonical\" href=\"https:\/\/unique-yachting-monaco.com\/fr\/nous-contacter\/\" \/>\n<meta property=\"og:locale\" content=\"fr_FR\" \/>\n<meta property=\"og:type\" content=\"article\" \/>\n<meta property=\"og:title\" content=\"Nous contacter - Unique Yachting\" \/>\n<meta property=\"og:description\" content=\"Pour tous vos projets d&#039;achat ou de location de Yachts d&#039;exception \u00e0 Monaco, n&#039;h\u00e9sitez pas \u00e0 nous contacter depuis notre formulaire.\" \/>\n<meta property=\"og:url\" content=\"https:\/\/unique-yachting-monaco.com\/fr\/nous-contacter\/\" \/>\n<meta property=\"og:site_name\" content=\"Unique Yachting\" \/>\n<meta property=\"article:modified_time\" content=\"2022-05-10T09:58:52+00:00\" \/>\n<meta property=\"og:image\" content=\"https:\/\/unique-yachting-monaco.com\/wp-content\/uploads\/2022\/01\/contact.jpg\" \/>\n\t<meta property=\"og:image:width\" content=\"1440\" \/>\n\t<meta property=\"og:image:height\" content=\"961\" \/>\n\t<meta property=\"og:image:type\" content=\"image\/jpeg\" \/>\n<meta name=\"twitter:card\" content=\"summary_large_image\" \/>\n<script type=\"application\/ld+json\" class=\"yoast-schema-graph\">{\"@context\":\"https:\/\/schema.org\",\"@graph\":[{\"@type\":\"WebPage\",\"@id\":\"https:\/\/unique-yachting-monaco.com\/fr\/nous-contacter\/\",\"url\":\"https:\/\/unique-yachting-monaco.com\/fr\/nous-contacter\/\",\"name\":\"Nous contacter - Unique Yachting\",\"isPartOf\":{\"@id\":\"https:\/\/unique-yachting-monaco.com\/fr\/#website\"},\"datePublished\":\"2022-01-18T10:00:40+00:00\",\"dateModified\":\"2022-05-10T09:58:52+00:00\",\"description\":\"Pour tous vos projets d'achat ou de location de Yachts d'exception \u00e0 Monaco, n'h\u00e9sitez pas \u00e0 nous contacter depuis notre formulaire.\",\"breadcrumb\":{\"@id\":\"https:\/\/unique-yachting-monaco.com\/fr\/nous-contacter\/#breadcrumb\"},\"inLanguage\":\"fr-FR\",\"potentialAction\":[{\"@type\":\"ReadAction\",\"target\":[\"https:\/\/unique-yachting-monaco.com\/fr\/nous-contacter\/\"]}]},{\"@type\":\"BreadcrumbList\",\"@id\":\"https:\/\/unique-yachting-monaco.com\/fr\/nous-contacter\/#breadcrumb\",\"itemListElement\":[{\"@type\":\"ListItem\",\"position\":1,\"name\":\"Accueil\",\"item\":\"https:\/\/unique-yachting-monaco.com\/fr\/\"},{\"@type\":\"ListItem\",\"position\":2,\"name\":\"Nous contacter\"}]},{\"@type\":\"WebSite\",\"@id\":\"https:\/\/unique-yachting-monaco.com\/fr\/#website\",\"url\":\"https:\/\/unique-yachting-monaco.com\/fr\/\",\"name\":\"Unique Yachting\",\"description\":\"\",\"publisher\":{\"@id\":\"https:\/\/unique-yachting-monaco.com\/fr\/#organization\"},\"potentialAction\":[{\"@type\":\"SearchAction\",\"target\":{\"@type\":\"EntryPoint\",\"urlTemplate\":\"https:\/\/unique-yachting-monaco.com\/fr\/?s={search_term_string}\"},\"query-input\":\"required name=search_term_string\"}],\"inLanguage\":\"fr-FR\"},{\"@type\":\"Organization\",\"@id\":\"https:\/\/unique-yachting-monaco.com\/fr\/#organization\",\"name\":\"Unique Yachting\",\"url\":\"https:\/\/unique-yachting-monaco.com\/fr\/\",\"logo\":{\"@type\":\"ImageObject\",\"inLanguage\":\"fr-FR\",\"@id\":\"https:\/\/unique-yachting-monaco.com\/fr\/#\/schema\/logo\/image\/\",\"url\":\"https:\/\/unique-yachting-monaco.com\/wp-content\/uploads\/2021\/12\/logo-header.svg\",\"contentUrl\":\"https:\/\/unique-yachting-monaco.com\/wp-content\/uploads\/2021\/12\/logo-header.svg\",\"width\":1,\"height\":1,\"caption\":\"Unique Yachting\"},\"image\":{\"@id\":\"https:\/\/unique-yachting-monaco.com\/fr\/#\/schema\/logo\/image\/\"}}]}<\/script>\n<!-- \/ Yoast SEO plugin. -->","yoast_head_json":{"title":"Nous contacter - Unique Yachting","description":"Pour tous vos projets d'achat ou de location de Yachts d'exception \u00e0 Monaco, n'h\u00e9sitez pas \u00e0 nous contacter depuis notre formulaire.","robots":{"index":"index","follow":"follow","max-snippet":"max-snippet:-1","max-image-preview":"max-image-preview:large","max-video-preview":"max-video-preview:-1"},"canonical":"https:\/\/unique-yachting-monaco.com\/fr\/nous-contacter\/","og_locale":"fr_FR","og_type":"article","og_title":"Nous contacter - Unique Yachting","og_description":"Pour tous vos projets d'achat ou de location de Yachts d'exception \u00e0 Monaco, n'h\u00e9sitez pas \u00e0 nous contacter depuis notre formulaire.","og_url":"https:\/\/unique-yachting-monaco.com\/fr\/nous-contacter\/","og_site_name":"Unique Yachting","article_modified_time":"2022-05-10T09:58:52+00:00","og_image":[{"width":1440,"height":961,"url":"https:\/\/unique-yachting-monaco.com\/wp-content\/uploads\/2022\/01\/contact.jpg","type":"image\/jpeg"}],"twitter_card":"summary_large_image","schema":{"@context":"https:\/\/schema.org","@graph":[{"@type":"WebPage","@id":"https:\/\/unique-yachting-monaco.com\/fr\/nous-contacter\/","url":"https:\/\/unique-yachting-monaco.com\/fr\/nous-contacter\/","name":"Nous contacter - Unique Yachting","isPartOf":{"@id":"https:\/\/unique-yachting-monaco.com\/fr\/#website"},"datePublished":"2022-01-18T10:00:40+00:00","dateModified":"2022-05-10T09:58:52+00:00","description":"Pour tous vos projets d'achat ou de location de Yachts d'exception \u00e0 Monaco, n'h\u00e9sitez pas \u00e0 nous contacter depuis notre formulaire.","breadcrumb":{"@id":"https:\/\/unique-yachting-monaco.com\/fr\/nous-contacter\/#breadcrumb"},"inLanguage":"fr-FR","potentialAction":[{"@type":"ReadAction","target":["https:\/\/unique-yachting-monaco.com\/fr\/nous-contacter\/"]}]},{"@type":"BreadcrumbList","@id":"https:\/\/unique-yachting-monaco.com\/fr\/nous-contacter\/#breadcrumb","itemListElement":[{"@type":"ListItem","position":1,"name":"Accueil","item":"https:\/\/unique-yachting-monaco.com\/fr\/"},{"@type":"ListItem","position":2,"name":"Nous contacter"}]},{"@type":"WebSite","@id":"https:\/\/unique-yachting-monaco.com\/fr\/#website","url":"https:\/\/unique-yachting-monaco.com\/fr\/","name":"Unique Yachting","description":"","publisher":{"@id":"https:\/\/unique-yachting-monaco.com\/fr\/#organization"},"potentialAction":[{"@type":"SearchAction","target":{"@type":"EntryPoint","urlTemplate":"https:\/\/unique-yachting-monaco.com\/fr\/?s={search_term_string}"},"query-input":"required name=search_term_string"}],"inLanguage":"fr-FR"},{"@type":"Organization","@id":"https:\/\/unique-yachting-monaco.com\/fr\/#organization","name":"Unique Yachting","url":"https:\/\/unique-yachting-monaco.com\/fr\/","logo":{"@type":"ImageObject","inLanguage":"fr-FR","@id":"https:\/\/unique-yachting-monaco.com\/fr\/#\/schema\/logo\/image\/","url":"https:\/\/unique-yachting-monaco.com\/wp-content\/uploads\/2021\/12\/logo-header.svg","contentUrl":"https:\/\/unique-yachting-monaco.com\/wp-content\/uploads\/2021\/12\/logo-header.svg","width":1,"height":1,"caption":"Unique Yachting"},"image":{"@id":"https:\/\/unique-yachting-monaco.com\/fr\/#\/schema\/logo\/image\/"}}]}},"_links":{"self":[{"href":"https:\/\/unique-yachting-monaco.com\/fr\/wp-json\/wp\/v2\/pages\/330"}],"collection":[{"href":"https:\/\/unique-yachting-monaco.com\/fr\/wp-json\/wp\/v2\/pages"}],"about":[{"href":"https:\/\/unique-yachting-monaco.com\/fr\/wp-json\/wp\/v2\/types\/page"}],"author":[{"embeddable":true,"href":"https:\/\/unique-yachting-monaco.com\/fr\/wp-json\/wp\/v2\/users\/1"}],"replies":[{"embeddable":true,"href":"https:\/\/unique-yachting-monaco.com\/fr\/wp-json\/wp\/v2\/comments?post=330"}],"version-history":[{"count":4,"href":"https:\/\/unique-yachting-monaco.com\/fr\/wp-json\/wp\/v2\/pages\/330\/revisions"}],"predecessor-version":[{"id":456,"href":"https:\/\/unique-yachting-monaco.com\/fr\/wp-json\/wp\/v2\/pages\/330\/revisions\/456"}],"wp:featuredmedia":[{"embeddable":true,"href":"https:\/\/unique-yachting-monaco.com\/fr\/wp-json\/wp\/v2\/media\/258"}],"wp:attachment":[{"href":"https:\/\/unique-yachting-monaco.com\/fr\/wp-json\/wp\/v2\/media?parent=330"}],"curies":[{"name":"wp","href":"https:\/\/api.w.org\/{rel}","templated":true}]}}