{"id":336,"date":"2022-01-18T11:03:20","date_gmt":"2022-01-18T10:03:20","guid":{"rendered":"https:\/\/unique-yachting-dev.jupiter.cdigital.fr\/?page_id=336"},"modified":"2022-05-10T11:58:21","modified_gmt":"2022-05-10T09:58:21","slug":"qui-sommes-nous","status":"publish","type":"page","link":"https:\/\/unique-yachting-monaco.com\/fr\/qui-sommes-nous\/","title":{"rendered":"Qui sommes-nous"},"content":{"rendered":"\n<h2 class=\"wp-block-heading\">Unique Yachting Monaco<\/h2>\n\n\n\n<p>Unique Yachting Monaco existe depuis plusieurs ann\u00e9es et a connu une croissance exponentielle gr\u00e2ce au travail et au s\u00e9rieux des diff\u00e9rents intervenants, aboutissant \u00e0 la vente, au management et \u00e0 la location de plusieurs unit\u00e9s.<\/p>\n\n\n\n<p>Ce sont les termes professionnalisme, s\u00e9rieux, assistance, d\u00e9vouement, connaissances et respect de \u00ab\u00a0l&rsquo;autre\u00a0\u00bb qui reviennent le plus souvent de la part de nos clients pour nous qualifier.<\/p>\n\n\n\n<p>Unique Yachting Monaco prend toute sa dimension \u00e0 travers sa philosophie du commerce, son approche personnelle, et sa scrupuleuse attention aux relations professionnelles.<\/p>\n\n\n\n<p>La Qualit\u00e9 et la Fid\u00e9lit\u00e9 d&rsquo;UYM sont reconnues et respect\u00e9es, nous avons une sensibilit\u00e9 particuli\u00e8re aux diff\u00e9rents aspects des cultures et des prestiges Internationaux. Nous sommes r\u00e9guli\u00e8rement s\u00e9lectionn\u00e9s par les Conciergeries de Luxe du monde entier, pour \u00eatre leur partenaire dans le domaine du Yacht. Pour faciliter la communication nuits et jours avec nos clients \u00e9trangers, nous avons une ligne t\u00e9l\u00e9phonique ouverte 24h sur 24h.<\/p>\n\n\n\n<p>Nos rapports avec nos partenaires et fournisseurs sont aussi vitales que nos relations avec les propri\u00e9taires dont nous avons la repr\u00e9sentation, nous sommes leurs repr\u00e9sentants, nous devons faire acte pour leurs meilleurs int\u00e9r\u00eats quelque soient les circonstances et les demandes.<\/p>\n\n\n\n<p>Unique Yachting Monaco a \u00e9t\u00e9 cr\u00e9e tout naturellement lorsqu&rsquo;un Commandant de la Marine Marchande faisant son devoir et son m\u00e9tier de mani\u00e8re optimale a \u00e9t\u00e9 submerg\u00e9 de demande d&rsquo;autres propri\u00e9taires voulant eux aussi connaitre le \u00ab\u00a0pur plaisir de la mer\u00a0\u00bb. UYM \u00e9tait n\u00e9, un ensemble de Commandants d\u00e9vou\u00e9s, totalisant plus de cinquante ann\u00e9es de navigation et titulaires des plus haut dipl\u00f4mes de la Marine Marchande, d\u00e9diant leurs exp\u00e9riences \u00e0 une seule soci\u00e9t\u00e9, procurant ainsi aux propri\u00e9taires et locataires une satisfaction \u00e0 la hauteur de leurs attentes, agissant dans leurs int\u00e9r\u00eats sans \u00e9chouer, tel un Commandant d\u00e9vou\u00e9 se doit de faire.<\/p>\n\n\n\n<p>Unique Yachting Monaco a d&rsquo;excellentes relations avec les intervenants ext\u00e9rieurs, \u00e0 Monaco bien sur mais aussi \u00e0 travers le monde entier. Le choix de ces partenaires est aussi important que le reste, cela permet d&rsquo;obtenir un r\u00e9sultat sans faille pour nos clients, quelque soient leurs d\u00e9sirs nous nous devons de r\u00e9ussir. Notre mani\u00e8re de travailler est claire et juste. Unique Yachting Monaco n&rsquo;est pas une simple agence qui pense a son int\u00e9r\u00eat mais avant a son plaisir de servir ses clients dans les meilleurs conditions possible.<\/p>\n\n\n\n<div style=\"height:30px\" aria-hidden=\"true\" class=\"wp-block-spacer\"><\/div>\n\n\n\n<h2 class=\"wp-block-heading\">Locations<\/h2>\n\n\n\n<p>Naturellement, Unique Yachting Monaco est abonn\u00e9 MYBA net, r\u00e9f\u00e9rence internationale et incontournable de ce milieu, nos standards de performance nous am\u00e8nent \u00e0 collaborer seulement avec les plus grands de ce monde nautique.<br><br>Nous assurons \u00e0 nos clients une immense tranquillit\u00e9 d&rsquo;esprit. Nous avons \u00e0 notre disposition les meilleurs experts maritime, facilitant ainsi la r\u00e9alisation en toute s\u00e9curit\u00e9 de chaque projet. Nous avons de hauts standards d&rsquo;int\u00e9grit\u00e9, de confidentialit\u00e9 et d&rsquo;excellence. Nous sommes l\u00e0 pour satisfaire chaque demande, chaque d\u00e9sir, et la satisfaction de nos clients devient alors notre pr\u00e9occupation premi\u00e8re, garantissant un management de qualit\u00e9.<br><br>L&rsquo;activit\u00e9 charter \u00e0 cette ann\u00e9e encore connu une tr\u00e8s forte progression du fait d&rsquo;une demande de plus en plus importante sur des yachts toujours plus grands et des dur\u00e9es de location \u00e9galement en augmentation. Cette situation r\u00e9sulte de l&rsquo;arriv\u00e9e d&rsquo;une nouvelle client\u00e8le, mais \u00e9galement de la raret\u00e9 de tr\u00e8s grandes unit\u00e9s disponibles \u00e0 la location.<br><br>Dans un march\u00e9 tr\u00e8s dynamique mais toujours concurrentiel, UYM a \u00e9galement pris de nouvelles initiatives visant \u00e0 renforcer le leadership de la soci\u00e9t\u00e9 :<br><br>\u2022 Renforcement de collaborations avec divers intervenants des industries du luxe et de services \u00e0 destination de clients fortun\u00e9s ;<br><br>\u2022 Participation conjointe \u00e0 de nouveaux \u00e9v\u00e8nements majeurs d&rsquo;industries connexes ;<br><br>\u2022 Renforcement du d\u00e9veloppement d&rsquo;op\u00e9rations de relations presse et de relations publiques mettant en sc\u00e8ne les yachts de la flotte.<br><br>Les efforts entrepris pour d\u00e9velopper l&rsquo;activit\u00e9 \u00ab\u00a0charter\u00a0\u00bb et proposer de nouvelles destinations commencent \u00e9galement \u00e0 produire des r\u00e9sultats tangibles. Le nombre de yachts susceptibles d&rsquo;\u00eatre lou\u00e9s dans de nouvelles zones de croisi\u00e8re, de Tahiti \u00e0 l&rsquo;Asie en passant par la M\u00e9diterran\u00e9e orientale, est en augmentation et permet ainsi de r\u00e9pondre \u00e0 une demande croissante d&rsquo;alternatives aux Cara\u00efbes ou \u00e0 la M\u00e9diterran\u00e9e occidentale.<\/p>\n\n\n\n<div style=\"height:30px\" aria-hidden=\"true\" class=\"wp-block-spacer\"><\/div>\n\n\n\n<h2 class=\"wp-block-heading\">Ventes<\/h2>\n\n\n\n<p>Devenir propri\u00e9taire d&rsquo;un Yacht doit rester un plaisir et en aucun cas une source de contrainte. Il est de notre responsabilit\u00e9 et de notre devoir d&rsquo;assurer au maximum cette exp\u00e9rience pour chaque client, quelque soit sa demande d&rsquo;achat, ou tout simplement de conseil. Nous n&rsquo;avons aucune limite dans notre d\u00e9vouement pour nos clients, c&rsquo;est notre passion.<\/p>\n\n\n\n<p>UYM propose un conseil complet :<\/p>\n\n\n\n<p>\u2022 analyse des besoins ( taille, ann\u00e9e, mat\u00e9riels de construction, livraison, budget ) du design g\u00e9n\u00e9ral (Open, Cabin Cruiser), des caract\u00e9ristiques (vitesse, espace int\u00e9rieur);<\/p>\n\n\n\n<p>\u2022 recherche du bateau correspondant \u00e0 la demande;<\/p>\n\n\n\n<p>\u2022 inspection et diagnostic sur l&rsquo;\u00e9tat et la valeur du bateau;<\/p>\n\n\n\n<p>\u2022 aide \u00e0 la n\u00e9gociation et \u00e0 la finalisation de la transaction.<\/p>\n\n\n\n<p><\/p>\n","protected":false},"excerpt":{"rendered":"Unique Yachting Monaco Unique Yachting Monaco existe depuis plusieurs ann\u00e9es et a connu une croissance exponentielle gr\u00e2ce au travail et au s\u00e9rieux des diff\u00e9rents intervenants, aboutissant \u00e0 la vente, au management et \u00e0 la location de plusieurs unit\u00e9s. Ce sont les termes professionnalisme, s\u00e9rieux, assistance, d\u00e9vouement, connaissances et respect de \u00ab\u00a0l&rsquo;autre\u00a0\u00bb qui reviennent le plus\u2026","protected":false},"author":1,"featured_media":0,"parent":0,"menu_order":0,"comment_status":"closed","ping_status":"closed","template":"","meta":{"_acf_changed":false,"footnotes":""},"acf":[],"yoast_head":"<!-- This site is optimized with the Yoast SEO plugin v22.1 - https:\/\/yoast.com\/wordpress\/plugins\/seo\/ -->\n<title>Qui sommes-nous - Unique Yachting<\/title>\n<meta name=\"description\" content=\"Unique Yachting Monaco connait une croissance exponentielle gr\u00e2ce au travail et au s\u00e9rieux de ses intervenants de l&#039;univers du Yachting\" \/>\n<meta name=\"robots\" content=\"index, follow, max-snippet:-1, max-image-preview:large, max-video-preview:-1\" \/>\n<link rel=\"canonical\" href=\"https:\/\/unique-yachting-monaco.com\/fr\/qui-sommes-nous\/\" \/>\n<meta property=\"og:locale\" content=\"fr_FR\" \/>\n<meta property=\"og:type\" content=\"article\" \/>\n<meta property=\"og:title\" content=\"Qui sommes-nous - Unique Yachting\" \/>\n<meta property=\"og:description\" content=\"Unique Yachting Monaco connait une croissance exponentielle gr\u00e2ce au travail et au s\u00e9rieux de ses intervenants de l&#039;univers du Yachting\" \/>\n<meta property=\"og:url\" content=\"https:\/\/unique-yachting-monaco.com\/fr\/qui-sommes-nous\/\" \/>\n<meta property=\"og:site_name\" content=\"Unique Yachting\" \/>\n<meta property=\"article:modified_time\" content=\"2022-05-10T09:58:21+00:00\" \/>\n<meta name=\"twitter:card\" content=\"summary_large_image\" \/>\n<meta name=\"twitter:label1\" content=\"Dur\u00e9e de lecture estim\u00e9e\" \/>\n\t<meta name=\"twitter:data1\" content=\"4 minutes\" \/>\n<script type=\"application\/ld+json\" class=\"yoast-schema-graph\">{\"@context\":\"https:\/\/schema.org\",\"@graph\":[{\"@type\":\"WebPage\",\"@id\":\"https:\/\/unique-yachting-monaco.com\/fr\/qui-sommes-nous\/\",\"url\":\"https:\/\/unique-yachting-monaco.com\/fr\/qui-sommes-nous\/\",\"name\":\"Qui sommes-nous - Unique Yachting\",\"isPartOf\":{\"@id\":\"https:\/\/unique-yachting-monaco.com\/fr\/#website\"},\"datePublished\":\"2022-01-18T10:03:20+00:00\",\"dateModified\":\"2022-05-10T09:58:21+00:00\",\"description\":\"Unique Yachting Monaco connait une croissance exponentielle gr\u00e2ce au travail et au s\u00e9rieux de ses intervenants de l'univers du Yachting\",\"breadcrumb\":{\"@id\":\"https:\/\/unique-yachting-monaco.com\/fr\/qui-sommes-nous\/#breadcrumb\"},\"inLanguage\":\"fr-FR\",\"potentialAction\":[{\"@type\":\"ReadAction\",\"target\":[\"https:\/\/unique-yachting-monaco.com\/fr\/qui-sommes-nous\/\"]}]},{\"@type\":\"BreadcrumbList\",\"@id\":\"https:\/\/unique-yachting-monaco.com\/fr\/qui-sommes-nous\/#breadcrumb\",\"itemListElement\":[{\"@type\":\"ListItem\",\"position\":1,\"name\":\"Accueil\",\"item\":\"https:\/\/unique-yachting-monaco.com\/fr\/\"},{\"@type\":\"ListItem\",\"position\":2,\"name\":\"Qui sommes-nous\"}]},{\"@type\":\"WebSite\",\"@id\":\"https:\/\/unique-yachting-monaco.com\/fr\/#website\",\"url\":\"https:\/\/unique-yachting-monaco.com\/fr\/\",\"name\":\"Unique Yachting\",\"description\":\"\",\"publisher\":{\"@id\":\"https:\/\/unique-yachting-monaco.com\/fr\/#organization\"},\"potentialAction\":[{\"@type\":\"SearchAction\",\"target\":{\"@type\":\"EntryPoint\",\"urlTemplate\":\"https:\/\/unique-yachting-monaco.com\/fr\/?s={search_term_string}\"},\"query-input\":\"required name=search_term_string\"}],\"inLanguage\":\"fr-FR\"},{\"@type\":\"Organization\",\"@id\":\"https:\/\/unique-yachting-monaco.com\/fr\/#organization\",\"name\":\"Unique Yachting\",\"url\":\"https:\/\/unique-yachting-monaco.com\/fr\/\",\"logo\":{\"@type\":\"ImageObject\",\"inLanguage\":\"fr-FR\",\"@id\":\"https:\/\/unique-yachting-monaco.com\/fr\/#\/schema\/logo\/image\/\",\"url\":\"https:\/\/unique-yachting-monaco.com\/wp-content\/uploads\/2021\/12\/logo-header.svg\",\"contentUrl\":\"https:\/\/unique-yachting-monaco.com\/wp-content\/uploads\/2021\/12\/logo-header.svg\",\"width\":1,\"height\":1,\"caption\":\"Unique Yachting\"},\"image\":{\"@id\":\"https:\/\/unique-yachting-monaco.com\/fr\/#\/schema\/logo\/image\/\"}}]}<\/script>\n<!-- \/ Yoast SEO plugin. -->","yoast_head_json":{"title":"Qui sommes-nous - Unique Yachting","description":"Unique Yachting Monaco connait une croissance exponentielle gr\u00e2ce au travail et au s\u00e9rieux de ses intervenants de l'univers du Yachting","robots":{"index":"index","follow":"follow","max-snippet":"max-snippet:-1","max-image-preview":"max-image-preview:large","max-video-preview":"max-video-preview:-1"},"canonical":"https:\/\/unique-yachting-monaco.com\/fr\/qui-sommes-nous\/","og_locale":"fr_FR","og_type":"article","og_title":"Qui sommes-nous - Unique Yachting","og_description":"Unique Yachting Monaco connait une croissance exponentielle gr\u00e2ce au travail et au s\u00e9rieux de ses intervenants de l'univers du Yachting","og_url":"https:\/\/unique-yachting-monaco.com\/fr\/qui-sommes-nous\/","og_site_name":"Unique Yachting","article_modified_time":"2022-05-10T09:58:21+00:00","twitter_card":"summary_large_image","twitter_misc":{"Dur\u00e9e de lecture estim\u00e9e":"4 minutes"},"schema":{"@context":"https:\/\/schema.org","@graph":[{"@type":"WebPage","@id":"https:\/\/unique-yachting-monaco.com\/fr\/qui-sommes-nous\/","url":"https:\/\/unique-yachting-monaco.com\/fr\/qui-sommes-nous\/","name":"Qui sommes-nous - Unique Yachting","isPartOf":{"@id":"https:\/\/unique-yachting-monaco.com\/fr\/#website"},"datePublished":"2022-01-18T10:03:20+00:00","dateModified":"2022-05-10T09:58:21+00:00","description":"Unique Yachting Monaco connait une croissance exponentielle gr\u00e2ce au travail et au s\u00e9rieux de ses intervenants de l'univers du Yachting","breadcrumb":{"@id":"https:\/\/unique-yachting-monaco.com\/fr\/qui-sommes-nous\/#breadcrumb"},"inLanguage":"fr-FR","potentialAction":[{"@type":"ReadAction","target":["https:\/\/unique-yachting-monaco.com\/fr\/qui-sommes-nous\/"]}]},{"@type":"BreadcrumbList","@id":"https:\/\/unique-yachting-monaco.com\/fr\/qui-sommes-nous\/#breadcrumb","itemListElement":[{"@type":"ListItem","position":1,"name":"Accueil","item":"https:\/\/unique-yachting-monaco.com\/fr\/"},{"@type":"ListItem","position":2,"name":"Qui sommes-nous"}]},{"@type":"WebSite","@id":"https:\/\/unique-yachting-monaco.com\/fr\/#website","url":"https:\/\/unique-yachting-monaco.com\/fr\/","name":"Unique Yachting","description":"","publisher":{"@id":"https:\/\/unique-yachting-monaco.com\/fr\/#organization"},"potentialAction":[{"@type":"SearchAction","target":{"@type":"EntryPoint","urlTemplate":"https:\/\/unique-yachting-monaco.com\/fr\/?s={search_term_string}"},"query-input":"required name=search_term_string"}],"inLanguage":"fr-FR"},{"@type":"Organization","@id":"https:\/\/unique-yachting-monaco.com\/fr\/#organization","name":"Unique Yachting","url":"https:\/\/unique-yachting-monaco.com\/fr\/","logo":{"@type":"ImageObject","inLanguage":"fr-FR","@id":"https:\/\/unique-yachting-monaco.com\/fr\/#\/schema\/logo\/image\/","url":"https:\/\/unique-yachting-monaco.com\/wp-content\/uploads\/2021\/12\/logo-header.svg","contentUrl":"https:\/\/unique-yachting-monaco.com\/wp-content\/uploads\/2021\/12\/logo-header.svg","width":1,"height":1,"caption":"Unique Yachting"},"image":{"@id":"https:\/\/unique-yachting-monaco.com\/fr\/#\/schema\/logo\/image\/"}}]}},"_links":{"self":[{"href":"https:\/\/unique-yachting-monaco.com\/fr\/wp-json\/wp\/v2\/pages\/336"}],"collection":[{"href":"https:\/\/unique-yachting-monaco.com\/fr\/wp-json\/wp\/v2\/pages"}],"about":[{"href":"https:\/\/unique-yachting-monaco.com\/fr\/wp-json\/wp\/v2\/types\/page"}],"author":[{"embeddable":true,"href":"https:\/\/unique-yachting-monaco.com\/fr\/wp-json\/wp\/v2\/users\/1"}],"replies":[{"embeddable":true,"href":"https:\/\/unique-yachting-monaco.com\/fr\/wp-json\/wp\/v2\/comments?post=336"}],"version-history":[{"count":4,"href":"https:\/\/unique-yachting-monaco.com\/fr\/wp-json\/wp\/v2\/pages\/336\/revisions"}],"predecessor-version":[{"id":2445,"href":"https:\/\/unique-yachting-monaco.com\/fr\/wp-json\/wp\/v2\/pages\/336\/revisions\/2445"}],"wp:attachment":[{"href":"https:\/\/unique-yachting-monaco.com\/fr\/wp-json\/wp\/v2\/media?parent=336"}],"curies":[{"name":"wp","href":"https:\/\/api.w.org\/{rel}","templated":true}]}}