{"id":342,"date":"2022-01-18T11:36:00","date_gmt":"2022-01-18T10:36:00","guid":{"rendered":"https:\/\/unique-yachting-dev.jupiter.cdigital.fr\/?page_id=342"},"modified":"2022-05-10T11:58:36","modified_gmt":"2022-05-10T09:58:36","slug":"mentions-legales","status":"publish","type":"page","link":"https:\/\/unique-yachting-monaco.com\/fr\/mentions-legales\/","title":{"rendered":"Mentions l\u00e9gales"},"content":{"rendered":"\n<p>Le site <strong><a href=\"http:\/\/unique-yachting-monaco.com\">unique-yachting-monaco.com<\/a><\/strong> est \u00e9dit\u00e9 par Groupe Complus.<\/p>\n\n\n\n<p>En vous connectant sur ce site, vous acceptez les pr\u00e9sentes modalit\u00e9s.<\/p>\n\n\n\n<p><strong>Editeur du site :<\/strong><\/p>\n\n\n\n<p>GROUPE COMPLUS, Marque de la SAM COM\u2019PLUS \u2013 41 Avenue Hector Otto \u2013 98000 Monaco<\/p>\n\n\n\n<p>SAM au capital de 218 120 \u20ac \u2013 RCI Monaco n\u00b0 96S03243<\/p>\n\n\n\n<p><strong>H\u00e9bergement :<\/strong><\/p>\n\n\n\n<p>OVH SAS au capital de 10 069 020 \u20ac<br>RCS Lille M\u00e9tropole 424 761 419 00045<br>2 rue Kellermann \u2013 59100 Roubaix \u2013 France<\/p>\n\n\n\n<p><strong>Conception du site :<\/strong><\/p>\n\n\n\n<p>Unique Yachting<\/p>\n\n\n\n<ol><li><strong>a) Conseil d\u2019utilisation<\/strong><\/li><\/ol>\n\n\n\n<p>Le site accessible par les url suivants : <strong><a href=\"http:\/\/unique-yachting-monaco.com\">unique-yachting-monaco.com<\/a><\/strong> est exploit\u00e9 conform\u00e9ment \u00e0 la l\u00e9gislation \u00e0 Monaco et en Europe. L\u2019utilisation de ce site est r\u00e9gie par les pr\u00e9sentes conditions g\u00e9n\u00e9rales. En utilisant le site, vous reconnaissez avoir pris connaissance de ces conditions et les avoir accept\u00e9es; Celles-ci pourront \u00eatre modifi\u00e9es sans pr\u00e9avis par <strong><a href=\"http:\/\/unique-yachting-monaco.com\">unique-yachting-monaco.com<\/a>.<\/strong><\/p>\n\n\n\n<p><strong><a href=\"http:\/\/unique-yachting-monaco.com\">unique-yachting-monaco.com<\/a> <\/strong>ne saurait \u00eatre tenu pour responsable en aucune mani\u00e8re d\u2019une mauvaise utilisation du service.<\/p>\n\n\n\n<ol><li><strong>b) Responsabilit\u00e9s<\/strong><\/li><\/ol>\n\n\n\n<p>Les informations figurants sur ce site ne sont pas contractuelles et ne sauraient engager la responsabilit\u00e9 de <strong><a href=\"http:\/\/unique-yachting-monaco.com\">unique-yachting-monaco.com<\/a><\/strong> qui reste libre de corriger, modifier, enrichir ou supprimer tout ou partie du contenu de son site. Malgr\u00e9 tous les efforts d\u00e9ploy\u00e9s par <strong><a href=\"http:\/\/unique-yachting-monaco.com\">unique-yachting-monaco.com<\/a> <\/strong>pour fournir des informations pr\u00e9cises et utiles sur ce site, les informations et le contenu du site sont fournis \u00ab en l\u2019\u00e9tat \u00bb, \u00ab tel quel \u00bb et peuvent \u00eatre modifi\u00e9s sans pr\u00e9avis. Dans la mesure permise par la loi, <strong><a href=\"http:\/\/unique-yachting-monaco.com\">unique-yachting-monaco.com<\/a><\/strong> n\u2019accorde aucune garantie relative \u00e0 l\u2019exactitude ou \u00e0 la fiabilit\u00e9 de ces informations ou de ce contenu et, en particulier, d\u00e9cline toute responsabilit\u00e9 quant aux erreurs ou omissions pouvant appara\u00eetre dans les informations ou le contenu de ce site ou quant aux dommages ou pr\u00e9judices que vous pourriez subir en raison de votre utilisation de ces informations ou de ce contenu. Si vous constatez une lacune, erreur ou ce qui parait \u00eatre un dysfonctionnement, merci de bien vouloir le signaler par email \u00e0 <strong><a href=\"mailto:contact@unique-yachting-monaco.com\">contact@unique-yachting-monaco.com<\/a><\/strong> en d\u00e9crivant le probl\u00e8me de la mani\u00e8re la plus pr\u00e9cise possible (page posant probl\u00e8me, action d\u00e9clenchante, type d\u2019ordinateur et de navigateur utilis\u00e9, \u2026).<\/p>\n\n\n\n<p>Tout contenu t\u00e9l\u00e9charg\u00e9 se fait aux risques et p\u00e9rils de l\u2019utilisateur et sous sa seule responsabilit\u00e9. En cons\u00e9quence, <strong><a href=\"http:\/\/unique-yachting-monaco.com\">unique-yachting-monaco.com<\/a><\/strong> ne saurait \u00eatre tenue responsable d\u2019un quelconque dommage subi par l\u2019ordinateur de l\u2019utilisateur ou d\u2019une quelconque perte de donn\u00e9es cons\u00e9cutives au t\u00e9l\u00e9chargement.<\/p>\n\n\n\n<p>Les photos sont non contractuelles.<\/p>\n\n\n\n<p>Les liens hypertextes mis en place dans le cadre du pr\u00e9sent site internet en direction d\u2019autres ressources pr\u00e9sentes sur le r\u00e9seau Internet ne sauraient engager la responsabilit\u00e9 de <strong><a href=\"http:\/\/unique-yachting-monaco.com\">unique-yachting-monaco.com<\/a><\/strong>.<br><strong>c) Propri\u00e9t\u00e9 intellectuelle et droits voisins<\/strong><br><br>Le Site <strong><a href=\"http:\/\/unique-yachting-monaco.com\">unique-yachting-monaco.com<\/a><\/strong> et tous les \u00e9l\u00e9ments qui le constituent, notamment les diff\u00e9rents contenus (photos, textes, pr\u00e9sentations, mise en page, charte graphique, marques, dessins et mod\u00e8les et autres signes distinctifs, \u2026), sont prot\u00e9g\u00e9s par les droits de propri\u00e9t\u00e9 intellectuelle et les droits voisins r\u00e9serv\u00e9s aux seuls titulaires de ces droits.<\/p>\n\n\n\n<p>En cons\u00e9quence, toute utilisation, reproduction, repr\u00e9sentation ou diffusion partielle ou totale de ces \u00e9l\u00e9ments est strictement interdite, \u00e0 l\u2019exception des copies sans modifications ni alt\u00e9rations effectu\u00e9es \u00e0 des fins personnelles ou priv\u00e9es. Toute utilisation \u00e0 des fins autres que priv\u00e9es n\u00e9cessite l\u2019autorisation pr\u00e9alable et \u00e9crite du titulaire des droits de propri\u00e9t\u00e9 intellectuelle ou des droits voisins concern\u00e9s.<\/p>\n\n\n\n<p><strong><a href=\"http:\/\/unique-yachting-monaco.com\">unique-yachting-monaco.com<\/a> <\/strong>d\u00e9cline toute responsabilit\u00e9 en cas d\u2019utilisation ou d\u2019exploitation ill\u00e9gale des \u00e9l\u00e9ments de ce site (photos, textes, pr\u00e9sentations, mise en page, charte graphique, marques, dessins et mod\u00e8les et autres signes distinctifs, \u2026)<\/p>\n","protected":false},"excerpt":{"rendered":"Le site unique-yachting-monaco.com est \u00e9dit\u00e9 par Groupe Complus. En vous connectant sur ce site, vous acceptez les pr\u00e9sentes modalit\u00e9s. Editeur du site : GROUPE COMPLUS, Marque de la SAM COM\u2019PLUS \u2013 41 Avenue Hector Otto \u2013 98000 Monaco SAM au capital de 218 120 \u20ac \u2013 RCI Monaco n\u00b0 96S03243 H\u00e9bergement : OVH SAS au\u2026","protected":false},"author":1,"featured_media":0,"parent":0,"menu_order":0,"comment_status":"closed","ping_status":"closed","template":"","meta":{"_acf_changed":false,"footnotes":""},"acf":[],"yoast_head":"<!-- This site is optimized with the Yoast SEO plugin v22.1 - https:\/\/yoast.com\/wordpress\/plugins\/seo\/ -->\n<title>Mentions l\u00e9gales - Unique Yachting<\/title>\n<meta name=\"description\" content=\"Mentions l\u00e9gales du site internet proposant de la vente et de la location de Yachts \u00e0 Monaco : Unique Yachting\" \/>\n<meta name=\"robots\" content=\"index, follow, max-snippet:-1, max-image-preview:large, max-video-preview:-1\" \/>\n<link rel=\"canonical\" href=\"https:\/\/unique-yachting-monaco.com\/fr\/mentions-legales\/\" \/>\n<meta property=\"og:locale\" content=\"fr_FR\" \/>\n<meta property=\"og:type\" content=\"article\" \/>\n<meta property=\"og:title\" content=\"Mentions l\u00e9gales - Unique Yachting\" \/>\n<meta property=\"og:description\" content=\"Mentions l\u00e9gales du site internet proposant de la vente et de la location de Yachts \u00e0 Monaco : Unique Yachting\" \/>\n<meta property=\"og:url\" content=\"https:\/\/unique-yachting-monaco.com\/fr\/mentions-legales\/\" \/>\n<meta property=\"og:site_name\" content=\"Unique Yachting\" \/>\n<meta property=\"article:modified_time\" content=\"2022-05-10T09:58:36+00:00\" \/>\n<meta name=\"twitter:card\" content=\"summary_large_image\" \/>\n<meta name=\"twitter:label1\" content=\"Dur\u00e9e de lecture estim\u00e9e\" \/>\n\t<meta name=\"twitter:data1\" content=\"3 minutes\" \/>\n<script type=\"application\/ld+json\" class=\"yoast-schema-graph\">{\"@context\":\"https:\/\/schema.org\",\"@graph\":[{\"@type\":\"WebPage\",\"@id\":\"https:\/\/unique-yachting-monaco.com\/fr\/mentions-legales\/\",\"url\":\"https:\/\/unique-yachting-monaco.com\/fr\/mentions-legales\/\",\"name\":\"Mentions l\u00e9gales - Unique Yachting\",\"isPartOf\":{\"@id\":\"https:\/\/unique-yachting-monaco.com\/fr\/#website\"},\"datePublished\":\"2022-01-18T10:36:00+00:00\",\"dateModified\":\"2022-05-10T09:58:36+00:00\",\"description\":\"Mentions l\u00e9gales du site internet proposant de la vente et de la location de Yachts \u00e0 Monaco : Unique Yachting\",\"breadcrumb\":{\"@id\":\"https:\/\/unique-yachting-monaco.com\/fr\/mentions-legales\/#breadcrumb\"},\"inLanguage\":\"fr-FR\",\"potentialAction\":[{\"@type\":\"ReadAction\",\"target\":[\"https:\/\/unique-yachting-monaco.com\/fr\/mentions-legales\/\"]}]},{\"@type\":\"BreadcrumbList\",\"@id\":\"https:\/\/unique-yachting-monaco.com\/fr\/mentions-legales\/#breadcrumb\",\"itemListElement\":[{\"@type\":\"ListItem\",\"position\":1,\"name\":\"Accueil\",\"item\":\"https:\/\/unique-yachting-monaco.com\/fr\/\"},{\"@type\":\"ListItem\",\"position\":2,\"name\":\"Mentions l\u00e9gales\"}]},{\"@type\":\"WebSite\",\"@id\":\"https:\/\/unique-yachting-monaco.com\/fr\/#website\",\"url\":\"https:\/\/unique-yachting-monaco.com\/fr\/\",\"name\":\"Unique Yachting\",\"description\":\"\",\"publisher\":{\"@id\":\"https:\/\/unique-yachting-monaco.com\/fr\/#organization\"},\"potentialAction\":[{\"@type\":\"SearchAction\",\"target\":{\"@type\":\"EntryPoint\",\"urlTemplate\":\"https:\/\/unique-yachting-monaco.com\/fr\/?s={search_term_string}\"},\"query-input\":\"required name=search_term_string\"}],\"inLanguage\":\"fr-FR\"},{\"@type\":\"Organization\",\"@id\":\"https:\/\/unique-yachting-monaco.com\/fr\/#organization\",\"name\":\"Unique Yachting\",\"url\":\"https:\/\/unique-yachting-monaco.com\/fr\/\",\"logo\":{\"@type\":\"ImageObject\",\"inLanguage\":\"fr-FR\",\"@id\":\"https:\/\/unique-yachting-monaco.com\/fr\/#\/schema\/logo\/image\/\",\"url\":\"https:\/\/unique-yachting-monaco.com\/wp-content\/uploads\/2021\/12\/logo-header.svg\",\"contentUrl\":\"https:\/\/unique-yachting-monaco.com\/wp-content\/uploads\/2021\/12\/logo-header.svg\",\"width\":1,\"height\":1,\"caption\":\"Unique Yachting\"},\"image\":{\"@id\":\"https:\/\/unique-yachting-monaco.com\/fr\/#\/schema\/logo\/image\/\"}}]}<\/script>\n<!-- \/ Yoast SEO plugin. -->","yoast_head_json":{"title":"Mentions l\u00e9gales - Unique Yachting","description":"Mentions l\u00e9gales du site internet proposant de la vente et de la location de Yachts \u00e0 Monaco : Unique Yachting","robots":{"index":"index","follow":"follow","max-snippet":"max-snippet:-1","max-image-preview":"max-image-preview:large","max-video-preview":"max-video-preview:-1"},"canonical":"https:\/\/unique-yachting-monaco.com\/fr\/mentions-legales\/","og_locale":"fr_FR","og_type":"article","og_title":"Mentions l\u00e9gales - Unique Yachting","og_description":"Mentions l\u00e9gales du site internet proposant de la vente et de la location de Yachts \u00e0 Monaco : Unique Yachting","og_url":"https:\/\/unique-yachting-monaco.com\/fr\/mentions-legales\/","og_site_name":"Unique Yachting","article_modified_time":"2022-05-10T09:58:36+00:00","twitter_card":"summary_large_image","twitter_misc":{"Dur\u00e9e de lecture estim\u00e9e":"3 minutes"},"schema":{"@context":"https:\/\/schema.org","@graph":[{"@type":"WebPage","@id":"https:\/\/unique-yachting-monaco.com\/fr\/mentions-legales\/","url":"https:\/\/unique-yachting-monaco.com\/fr\/mentions-legales\/","name":"Mentions l\u00e9gales - Unique Yachting","isPartOf":{"@id":"https:\/\/unique-yachting-monaco.com\/fr\/#website"},"datePublished":"2022-01-18T10:36:00+00:00","dateModified":"2022-05-10T09:58:36+00:00","description":"Mentions l\u00e9gales du site internet proposant de la vente et de la location de Yachts \u00e0 Monaco : Unique Yachting","breadcrumb":{"@id":"https:\/\/unique-yachting-monaco.com\/fr\/mentions-legales\/#breadcrumb"},"inLanguage":"fr-FR","potentialAction":[{"@type":"ReadAction","target":["https:\/\/unique-yachting-monaco.com\/fr\/mentions-legales\/"]}]},{"@type":"BreadcrumbList","@id":"https:\/\/unique-yachting-monaco.com\/fr\/mentions-legales\/#breadcrumb","itemListElement":[{"@type":"ListItem","position":1,"name":"Accueil","item":"https:\/\/unique-yachting-monaco.com\/fr\/"},{"@type":"ListItem","position":2,"name":"Mentions l\u00e9gales"}]},{"@type":"WebSite","@id":"https:\/\/unique-yachting-monaco.com\/fr\/#website","url":"https:\/\/unique-yachting-monaco.com\/fr\/","name":"Unique Yachting","description":"","publisher":{"@id":"https:\/\/unique-yachting-monaco.com\/fr\/#organization"},"potentialAction":[{"@type":"SearchAction","target":{"@type":"EntryPoint","urlTemplate":"https:\/\/unique-yachting-monaco.com\/fr\/?s={search_term_string}"},"query-input":"required name=search_term_string"}],"inLanguage":"fr-FR"},{"@type":"Organization","@id":"https:\/\/unique-yachting-monaco.com\/fr\/#organization","name":"Unique Yachting","url":"https:\/\/unique-yachting-monaco.com\/fr\/","logo":{"@type":"ImageObject","inLanguage":"fr-FR","@id":"https:\/\/unique-yachting-monaco.com\/fr\/#\/schema\/logo\/image\/","url":"https:\/\/unique-yachting-monaco.com\/wp-content\/uploads\/2021\/12\/logo-header.svg","contentUrl":"https:\/\/unique-yachting-monaco.com\/wp-content\/uploads\/2021\/12\/logo-header.svg","width":1,"height":1,"caption":"Unique Yachting"},"image":{"@id":"https:\/\/unique-yachting-monaco.com\/fr\/#\/schema\/logo\/image\/"}}]}},"_links":{"self":[{"href":"https:\/\/unique-yachting-monaco.com\/fr\/wp-json\/wp\/v2\/pages\/342"}],"collection":[{"href":"https:\/\/unique-yachting-monaco.com\/fr\/wp-json\/wp\/v2\/pages"}],"about":[{"href":"https:\/\/unique-yachting-monaco.com\/fr\/wp-json\/wp\/v2\/types\/page"}],"author":[{"embeddable":true,"href":"https:\/\/unique-yachting-monaco.com\/fr\/wp-json\/wp\/v2\/users\/1"}],"replies":[{"embeddable":true,"href":"https:\/\/unique-yachting-monaco.com\/fr\/wp-json\/wp\/v2\/comments?post=342"}],"version-history":[{"count":4,"href":"https:\/\/unique-yachting-monaco.com\/fr\/wp-json\/wp\/v2\/pages\/342\/revisions"}],"predecessor-version":[{"id":352,"href":"https:\/\/unique-yachting-monaco.com\/fr\/wp-json\/wp\/v2\/pages\/342\/revisions\/352"}],"wp:attachment":[{"href":"https:\/\/unique-yachting-monaco.com\/fr\/wp-json\/wp\/v2\/media?parent=342"}],"curies":[{"name":"wp","href":"https:\/\/api.w.org\/{rel}","templated":true}]}}