{"id":344,"date":"2022-01-18T11:36:23","date_gmt":"2022-01-18T10:36:23","guid":{"rendered":"https:\/\/unique-yachting-dev.jupiter.cdigital.fr\/?page_id=344"},"modified":"2022-05-10T11:59:44","modified_gmt":"2022-05-10T09:59:44","slug":"politique-de-confidentialite","status":"publish","type":"page","link":"https:\/\/unique-yachting-monaco.com\/fr\/politique-de-confidentialite\/","title":{"rendered":"Politique de confidentialit\u00e9"},"content":{"rendered":"\n<p><strong>Donn\u00e9es personnelles<\/strong><\/p>\n\n\n\n<p><strong>I- Protection des donn\u00e9es personnelles<\/strong><\/p>\n\n\n\n<ol><li><strong>a) Conservation et Utilisation de vos donn\u00e9es personnelles<\/strong><\/li><\/ol>\n\n\n\n<p>Nous nous engageons dans le cadre de nos activit\u00e9s et conform\u00e9ment \u00e0 la l\u00e9gislation en vigueur \u00e0 Monaco et en Europe, \u00e0 assurer la protection, la confidentialit\u00e9 et la s\u00e9curit\u00e9 des donn\u00e9es \u00e0 caract\u00e8re personnel des utilisateurs de ses services, ainsi qu\u2019\u00e0 respecter leur vie priv\u00e9e.<\/p>\n\n\n\n<p>La pr\u00e9sente Politique vous informe sur la fa\u00e7on dont notre entreprise, ses sous-traitants et ses \u00e9ventuels partenaires traitent vos donn\u00e9es personnelles.<\/p>\n\n\n\n<p>Cette Politique est notamment applicable aux visiteurs de ce site.<\/p>\n\n\n\n<p>Vos donn\u00e9es personnelles sont conserv\u00e9es tout au long de la relation que nous entretenons avec vous. Une fois celle-ci termin\u00e9e, nous les conservons pendant le d\u00e9lai prescrit par la l\u00e9gislation en vigueur ou pour un d\u00e9lai convenable dans le but de r\u00e9aliser nos proc\u00e9dures de blocage et suppression de donn\u00e9es. Vos donn\u00e9es personnelles pourront \u00eatre conserv\u00e9es pendant un d\u00e9lai plus ou moins long. En effet, cela d\u00e9pend des motivations pour lesquelles ces derni\u00e8res ont \u00e9t\u00e9 recueillies.<\/p>\n\n\n\n<ol><li><strong>b) Consentement et Traitement de vos donn\u00e9es personnelles<\/strong><\/li><\/ol>\n\n\n\n<p>En cochant la case de consentement obligatoire avant soumission de chaque formulaire du site web \u2013 \u00ab J\u2019autorise <strong>Unique Yachting <\/strong>\u00e0 me contacter de fa\u00e7on personnalis\u00e9e \u00e0 propos de ses services. Vos donn\u00e9es personnelles ne seront jamais communiqu\u00e9es \u00e0 des tiers. \u00bb \u2013 vous autorisez explicitement le stockage et le traitement de vos donn\u00e9es dans le but de vous faire conna\u00eetre de nos services. Vous autorisez :<\/p>\n\n\n\n<ul><li>Un conseiller <strong>Unique Yachting <\/strong>\u00e0 vous contacter pour toute relation commerciale<\/li><li>Le service Marketing \u00e0 vous communiquer des informations personnalis\u00e9es sur nos services<\/li><\/ul>\n\n\n\n<ol><li><strong>c) Retrait du Consentement concernant vos donn\u00e9es personnelles<\/strong><\/li><\/ol>\n\n\n\n<p><strong>Droit d\u2019acc\u00e8s \u00e0 vos donn\u00e9es personnelles<\/strong><\/p>\n\n\n\n<p>Vous disposez d\u2019un droit d\u2019acc\u00e8s, de modification et\/ou de suppression des donn\u00e9es vous concernant \u00e0 tout moment en contactant notre service informatique :<\/p>\n\n\n\n<p>Par voie \u00e9lectronique : <strong><a href=\"mailto:contact@unique-yachting-monaco.com\">contact@unique-yachting-monaco.com<\/a><\/strong>.<\/p>\n\n\n\n<p>Le responsable du fichier dispose d\u2019un d\u00e9lai maximal de 2 mois pour modifier ou supprimer vos donn\u00e9es.<\/p>\n\n\n\n<p><strong>II- Cookies<\/strong><\/p>\n\n\n\n<p>Les cookies sont de petits fichiers texte enregistr\u00e9s sur votre ordinateur par un site Web pour permettre ou optimiser le fonctionnement de ce dernier, et fournir des informations aux propri\u00e9taires du site. Les cookies nous aident \u00e0 faire fonctionner le site et \u00e0 am\u00e9liorer son interactivit\u00e9 et nos services.<\/p>\n\n\n\n<p><strong>Unique Yachting <\/strong>souhaite vous informer de mani\u00e8re claire et transparente sur l\u2019usage des cookies lorsque vous consultez le site <strong><a href=\"https:\/\/unique-yachting-monaco.com\">unique-yachting-monaco.com<\/a><\/strong> vous pouvez param\u00e9trer le contenu des cookies collect\u00e9s par <strong>Unique Yachting.<\/strong><\/p>\n\n\n\n<p>Les cookies sont utilis\u00e9s sur le site <strong><a href=\"https:\/\/unique-yachting-monaco.com\">unique-yachting-monaco.com<\/a><\/strong> pour diff\u00e9rentes finalit\u00e9s, pour faciliter votre navigation, pour vous proposer des contenus et publicit\u00e9s personnalis\u00e9s ou pour r\u00e9aliser des statistiques de visites.<\/p>\n\n\n\n<p>Un cookie est lu ou transmis par le serveur du site internet \u00e0 votre navigateur qui l\u2019enregistre sur votre terminal. A chaque cookie est attribu\u00e9 un identifiant qui permet \u00e0 son \u00e9metteur d\u2019identifier le terminal dans lequel il est enregistr\u00e9 pendant la dur\u00e9e de validit\u00e9 ou d\u2019enregistrement du cookie concern\u00e9.<\/p>\n\n\n\n<p>Pour param\u00e9trer et g\u00e9rer directement les cookies d\u00e9pos\u00e9s sur ce site, vous pouvez utiliser l\u2019interface que nous mettons \u00e0 votre disposition. <em>Cette interface est accessible via le bandeau cookies qui apparait lors de votre premi\u00e8re connexion sur <\/em><strong><a href=\"https:\/\/unique-yachting-monaco.com\">unique-yachting-monaco.com<\/a><\/strong><\/p>\n\n\n\n<p><strong>Vos droits<\/strong><\/p>\n\n\n\n<p>Vous pouvez \u00e0 tout moment exprimer ou modifier vos souhaits en mati\u00e8re de cookies et notamment concernant les cookies de ciblage publicitaire de <strong>Unique Yachting.<\/strong><\/p>\n\n\n\n<p>Vous pouvez utiliser l\u2019interface que nous mettons \u00e0 votre disposition via le bandeau cookies qui apparait lors de votre premi\u00e8re connexion sur <strong><a href=\"https:\/\/unique-yachting-monaco.com\">unique-yachting-monaco.com<\/a><\/strong><\/p>\n\n\n\n<p>En d\u00e9sactivant, via cette interface, les cookies de publicit\u00e9 cibl\u00e9e, vous continuerez \u00e0 \u00eatre expos\u00e9s \u00e0 de la publicit\u00e9 mais celle-ci ne sera plus cibl\u00e9e en fonction de vos pr\u00e9f\u00e9rences suppos\u00e9es sur la base de votre profil de navigation. La d\u00e9sactivation de la publicit\u00e9 cibl\u00e9e n\u2019a pas d\u2019impact sur le volume de publicit\u00e9 auquel vous \u00eates expos\u00e9 mais nous ne pourrons plus limiter le nombre d\u2019affichages de la m\u00eame publicit\u00e9.<\/p>\n\n\n\n<p><strong>Le cookie de partage des r\u00e9seaux sociaux<\/strong><\/p>\n\n\n\n<p>Sur certaines pages de <strong><a href=\"https:\/\/unique-yachting-monaco.com\">unique-yachting-monaco.com<\/a><\/strong> figurent des boutons ou modules de r\u00e9seaux sociaux tiers \u00e0 <strong>Unique Yachting<\/strong>. Ils vous permettent d\u2019exploiter les fonctionnalit\u00e9s de ces r\u00e9seaux et en particulier de partager des contenus pr\u00e9sents sur <strong><a href=\"https:\/\/unique-yachting-monaco.com\">unique-yachting-monaco.com<\/a><\/strong> avec d\u2019autres utilisateurs de ces r\u00e9seaux.<\/p>\n\n\n\n<p>Lorsque vous vous rendez sur une page internet sur laquelle se trouve un de ces boutons ou modules, votre navigateur peut envoyer des informations au r\u00e9seau social qui peut alors associer cette visualisation \u00e0 votre profil.<br>Des cookies des r\u00e9seaux sociaux, dont <strong>Unique Yachting <\/strong>n\u2019a pas la ma\u00eetrise, peuvent \u00eatre alors \u00eatre d\u00e9pos\u00e9s dans votre navigateur par ces r\u00e9seaux. Nous vous invitons \u00e0 consulter les politiques de confidentialit\u00e9 propres \u00e0 chacun de ces r\u00e9seaux sociaux, afin de prendre connaissance des finalit\u00e9s d\u2019utilisation des informations de navigation qu\u2019ils peuvent recueillir gr\u00e2ce \u00e0 ces boutons et modules.<\/p>\n\n\n\n<p><strong>Les cookies publicit\u00e9 cibl\u00e9e<\/strong><\/p>\n\n\n\n<p>Les cookies publicitaires peuvent \u00eatre d\u00e9pos\u00e9s par <strong>Unique Yachting<\/strong> et ses prestataires.<\/p>\n\n\n\n<p>Pour les cookies d\u00e9pos\u00e9s par <strong>Unique Yachting<\/strong> et ses prestataires vous pouvez exprimer vos pr\u00e9f\u00e9rences ainsi qu\u2019il est pr\u00e9cis\u00e9 ci-apr\u00e8s.<\/p>\n\n\n\n<p><strong>Les cookies statistiques :<\/strong><\/p>\n\n\n\n<p>Ces cookies permettent d\u2019\u00e9tablir des statistiques de fr\u00e9quentation de ces sites et de d\u00e9tecter des probl\u00e8mes de navigation afin de suivre et d\u2019am\u00e9liorer la qualit\u00e9 de nos services.<\/p>\n\n\n\n<p>Vous pouvez \u00e0 tout moment param\u00e9trer votre navigateur afin d\u2019exprimer et de modifier vos souhaits en mati\u00e8re de cookies et notamment concernant les cookies de statistiques. Vous pouvez exprimer vos choix en param\u00e9trant votre navigateur de fa\u00e7on \u00e0 refuser certains cookies. Si vous refusez nos cookies et ceux de nos partenaires, votre visite du site <strong><a href=\"https:\/\/unique-yachting-monaco.com\">unique-yachting-monaco.com <\/a><\/strong>ne sera plus comptabilis\u00e9e dans nos outils de mesure de la fr\u00e9quentation.<\/p>\n\n\n\n<p>Nous vous informons que vous pouvez toutefois vous opposer \u00e0 l\u2019enregistrement de cookies.<\/p>\n\n\n\n<p>Pour effacer param\u00e9trer votre navigateur et modifier les cookies, vous pouvez utiliser l\u2019interface que nous mettons \u00e0 votre disposition via le bandeau cookies qui apparait lors de votre premi\u00e8re connexion sur <strong><a href=\"https:\/\/unique-yachting-monaco.com\">unique-yachting-monaco.com<\/a><\/strong><\/p>\n\n\n\n<p><strong>Le cookie personnalisation de nos communications<\/strong><\/p>\n\n\n\n<p>Les communications que nous sommes susceptibles de vous envoyer (par email, sms ou en vous appelant) peuvent \u00eatre personnalis\u00e9es gr\u00e2ce \u00e0 votre profil de navigation.<\/p>\n\n\n\n<p>Les donn\u00e9es qui sont utilis\u00e9es pour \u00e9tablir votre profil de navigation sont collect\u00e9es et trait\u00e9es de mani\u00e8re totalement anonyme.<\/p>\n\n\n\n<p><strong>Votre profil de navigation tient compte \u00e0 la fois :<\/strong><\/p>\n\n\n\n<p>\u2013 Des pages que vous avez visit\u00e9es sur <strong><a href=\"https:\/\/unique-yachting-monaco.com\">unique-yachting-monaco.com<\/a><\/strong><\/p>\n\n\n\n<p>\u2013 Des th\u00e9matiques consult\u00e9es ainsi que de leur fr\u00e9quence de consultation.<\/p>\n\n\n\n<p>\u2013 Votre profil de navigation est associ\u00e9 \u00e0 un cookie \u00ab personnalisation de nos communications \u00bb enregistr\u00e9 dans votre navigateur.<\/p>\n\n\n\n<p><strong>Param\u00e9trage des cookies sur <\/strong><a href=\"https:\/\/unique-yachting-monaco.com\"><strong>unique-yachting-monaco.com<\/strong><\/a><\/p>\n\n\n\n<p>Les cookies de fonctionnement permettent aux internautes d\u2019utiliser les fonctionnalit\u00e9s du site et de garantir leur bon fonctionnement. Ces cookies ne collectent pas de donn\u00e9es pouvant servir au ciblage ou au marketing. Cependant, <strong>Unique Yachting <\/strong>peut \u00eatre amen\u00e9 \u00e0 utiliser trois cat\u00e9gories de cookies pouvant \u00eatre utilis\u00e9 \u00e0 cet effet. Vous \u00eates donc libre de les d\u00e9sactiver. Attention, ces r\u00e9glages ne s\u2019appliquent que sur le navigateur que vous utilisez actuellement.<\/p>\n\n\n\n<p><strong>1 \u2013 Les cookies statistiques<\/strong><\/p>\n\n\n\n<p>Cette cat\u00e9gorie de cookies permet de r\u00e9aliser des statistiques quant \u00e0 la fr\u00e9quentation du site <strong><a href=\"https:\/\/unique-yachting-monaco.com\">unique-yachting-monaco.com<\/a><\/strong><\/p>\n\n\n\n<p>Lorsque vous les d\u00e9sactivez, nous ne pouvons pas suivre et am\u00e9liorer la qualit\u00e9 de nos services.<\/p>\n\n\n\n<p><strong>2 \u2013 Personnalisation<\/strong><\/p>\n\n\n\n<p>Cette cat\u00e9gorie de cookies offre la possibilit\u00e9 d\u2019analyser votre navigation sur <strong><a href=\"https:\/\/unique-yachting-monaco.com\">unique-yachting-monaco.com<\/a><\/strong> afin de personnaliser nos offres et services, sur nos sites ou par des messages que nous vous adressons.<\/p>\n\n\n\n<p><strong>3 \u2013 Publicit\u00e9 cibl\u00e9e<\/strong><\/p>\n\n\n\n<p>Cette cat\u00e9gorie de cookies nous permet de vous proposer des publicit\u00e9s, sur le web, adapt\u00e9es \u00e0 votre profil et vos centres d\u2019int\u00e9r\u00eat. Le fait de d\u00e9sactiver ces cookies n\u2019aura aucune cons\u00e9quence sur le nombre de publicit\u00e9s que vous verrez.<\/p>\n","protected":false},"excerpt":{"rendered":"Donn\u00e9es personnelles I- Protection des donn\u00e9es personnelles a) Conservation et Utilisation de vos donn\u00e9es personnelles Nous nous engageons dans le cadre de nos activit\u00e9s et conform\u00e9ment \u00e0 la l\u00e9gislation en vigueur \u00e0 Monaco et en Europe, \u00e0 assurer la protection, la confidentialit\u00e9 et la s\u00e9curit\u00e9 des donn\u00e9es \u00e0 caract\u00e8re personnel des utilisateurs de ses services,\u2026","protected":false},"author":1,"featured_media":0,"parent":0,"menu_order":0,"comment_status":"closed","ping_status":"closed","template":"","meta":{"_acf_changed":false,"footnotes":""},"acf":[],"yoast_head":"<!-- This site is optimized with the Yoast SEO plugin v22.1 - https:\/\/yoast.com\/wordpress\/plugins\/seo\/ -->\n<title>Politique de confidentialit\u00e9 - Unique Yachting<\/title>\n<meta name=\"description\" content=\"Politique de confidentialit\u00e9 du site de vente et de location de Yachting \u00e0 Monaco et dans le monde : Unique Yachting\" \/>\n<meta name=\"robots\" content=\"index, follow, max-snippet:-1, max-image-preview:large, max-video-preview:-1\" \/>\n<link rel=\"canonical\" href=\"https:\/\/unique-yachting-monaco.com\/fr\/politique-de-confidentialite\/\" \/>\n<meta property=\"og:locale\" content=\"fr_FR\" \/>\n<meta property=\"og:type\" content=\"article\" \/>\n<meta property=\"og:title\" content=\"Politique de confidentialit\u00e9 - Unique Yachting\" \/>\n<meta property=\"og:description\" content=\"Politique de confidentialit\u00e9 du site de vente et de location de Yachting \u00e0 Monaco et dans le monde : Unique Yachting\" \/>\n<meta property=\"og:url\" content=\"https:\/\/unique-yachting-monaco.com\/fr\/politique-de-confidentialite\/\" \/>\n<meta property=\"og:site_name\" content=\"Unique Yachting\" \/>\n<meta property=\"article:modified_time\" content=\"2022-05-10T09:59:44+00:00\" \/>\n<meta name=\"twitter:card\" content=\"summary_large_image\" \/>\n<meta name=\"twitter:label1\" content=\"Dur\u00e9e de lecture estim\u00e9e\" \/>\n\t<meta name=\"twitter:data1\" content=\"6 minutes\" \/>\n<script type=\"application\/ld+json\" class=\"yoast-schema-graph\">{\"@context\":\"https:\/\/schema.org\",\"@graph\":[{\"@type\":\"WebPage\",\"@id\":\"https:\/\/unique-yachting-monaco.com\/fr\/politique-de-confidentialite\/\",\"url\":\"https:\/\/unique-yachting-monaco.com\/fr\/politique-de-confidentialite\/\",\"name\":\"Politique de confidentialit\u00e9 - Unique Yachting\",\"isPartOf\":{\"@id\":\"https:\/\/unique-yachting-monaco.com\/fr\/#website\"},\"datePublished\":\"2022-01-18T10:36:23+00:00\",\"dateModified\":\"2022-05-10T09:59:44+00:00\",\"description\":\"Politique de confidentialit\u00e9 du site de vente et de location de Yachting \u00e0 Monaco et dans le monde : Unique Yachting\",\"breadcrumb\":{\"@id\":\"https:\/\/unique-yachting-monaco.com\/fr\/politique-de-confidentialite\/#breadcrumb\"},\"inLanguage\":\"fr-FR\",\"potentialAction\":[{\"@type\":\"ReadAction\",\"target\":[\"https:\/\/unique-yachting-monaco.com\/fr\/politique-de-confidentialite\/\"]}]},{\"@type\":\"BreadcrumbList\",\"@id\":\"https:\/\/unique-yachting-monaco.com\/fr\/politique-de-confidentialite\/#breadcrumb\",\"itemListElement\":[{\"@type\":\"ListItem\",\"position\":1,\"name\":\"Accueil\",\"item\":\"https:\/\/unique-yachting-monaco.com\/fr\/\"},{\"@type\":\"ListItem\",\"position\":2,\"name\":\"Politique de confidentialit\u00e9\"}]},{\"@type\":\"WebSite\",\"@id\":\"https:\/\/unique-yachting-monaco.com\/fr\/#website\",\"url\":\"https:\/\/unique-yachting-monaco.com\/fr\/\",\"name\":\"Unique Yachting\",\"description\":\"\",\"publisher\":{\"@id\":\"https:\/\/unique-yachting-monaco.com\/fr\/#organization\"},\"potentialAction\":[{\"@type\":\"SearchAction\",\"target\":{\"@type\":\"EntryPoint\",\"urlTemplate\":\"https:\/\/unique-yachting-monaco.com\/fr\/?s={search_term_string}\"},\"query-input\":\"required name=search_term_string\"}],\"inLanguage\":\"fr-FR\"},{\"@type\":\"Organization\",\"@id\":\"https:\/\/unique-yachting-monaco.com\/fr\/#organization\",\"name\":\"Unique Yachting\",\"url\":\"https:\/\/unique-yachting-monaco.com\/fr\/\",\"logo\":{\"@type\":\"ImageObject\",\"inLanguage\":\"fr-FR\",\"@id\":\"https:\/\/unique-yachting-monaco.com\/fr\/#\/schema\/logo\/image\/\",\"url\":\"https:\/\/unique-yachting-monaco.com\/wp-content\/uploads\/2021\/12\/logo-header.svg\",\"contentUrl\":\"https:\/\/unique-yachting-monaco.com\/wp-content\/uploads\/2021\/12\/logo-header.svg\",\"width\":1,\"height\":1,\"caption\":\"Unique Yachting\"},\"image\":{\"@id\":\"https:\/\/unique-yachting-monaco.com\/fr\/#\/schema\/logo\/image\/\"}}]}<\/script>\n<!-- \/ Yoast SEO plugin. -->","yoast_head_json":{"title":"Politique de confidentialit\u00e9 - Unique Yachting","description":"Politique de confidentialit\u00e9 du site de vente et de location de Yachting \u00e0 Monaco et dans le monde : Unique Yachting","robots":{"index":"index","follow":"follow","max-snippet":"max-snippet:-1","max-image-preview":"max-image-preview:large","max-video-preview":"max-video-preview:-1"},"canonical":"https:\/\/unique-yachting-monaco.com\/fr\/politique-de-confidentialite\/","og_locale":"fr_FR","og_type":"article","og_title":"Politique de confidentialit\u00e9 - Unique Yachting","og_description":"Politique de confidentialit\u00e9 du site de vente et de location de Yachting \u00e0 Monaco et dans le monde : Unique Yachting","og_url":"https:\/\/unique-yachting-monaco.com\/fr\/politique-de-confidentialite\/","og_site_name":"Unique Yachting","article_modified_time":"2022-05-10T09:59:44+00:00","twitter_card":"summary_large_image","twitter_misc":{"Dur\u00e9e de lecture estim\u00e9e":"6 minutes"},"schema":{"@context":"https:\/\/schema.org","@graph":[{"@type":"WebPage","@id":"https:\/\/unique-yachting-monaco.com\/fr\/politique-de-confidentialite\/","url":"https:\/\/unique-yachting-monaco.com\/fr\/politique-de-confidentialite\/","name":"Politique de confidentialit\u00e9 - Unique Yachting","isPartOf":{"@id":"https:\/\/unique-yachting-monaco.com\/fr\/#website"},"datePublished":"2022-01-18T10:36:23+00:00","dateModified":"2022-05-10T09:59:44+00:00","description":"Politique de confidentialit\u00e9 du site de vente et de location de Yachting \u00e0 Monaco et dans le monde : Unique Yachting","breadcrumb":{"@id":"https:\/\/unique-yachting-monaco.com\/fr\/politique-de-confidentialite\/#breadcrumb"},"inLanguage":"fr-FR","potentialAction":[{"@type":"ReadAction","target":["https:\/\/unique-yachting-monaco.com\/fr\/politique-de-confidentialite\/"]}]},{"@type":"BreadcrumbList","@id":"https:\/\/unique-yachting-monaco.com\/fr\/politique-de-confidentialite\/#breadcrumb","itemListElement":[{"@type":"ListItem","position":1,"name":"Accueil","item":"https:\/\/unique-yachting-monaco.com\/fr\/"},{"@type":"ListItem","position":2,"name":"Politique de confidentialit\u00e9"}]},{"@type":"WebSite","@id":"https:\/\/unique-yachting-monaco.com\/fr\/#website","url":"https:\/\/unique-yachting-monaco.com\/fr\/","name":"Unique Yachting","description":"","publisher":{"@id":"https:\/\/unique-yachting-monaco.com\/fr\/#organization"},"potentialAction":[{"@type":"SearchAction","target":{"@type":"EntryPoint","urlTemplate":"https:\/\/unique-yachting-monaco.com\/fr\/?s={search_term_string}"},"query-input":"required name=search_term_string"}],"inLanguage":"fr-FR"},{"@type":"Organization","@id":"https:\/\/unique-yachting-monaco.com\/fr\/#organization","name":"Unique Yachting","url":"https:\/\/unique-yachting-monaco.com\/fr\/","logo":{"@type":"ImageObject","inLanguage":"fr-FR","@id":"https:\/\/unique-yachting-monaco.com\/fr\/#\/schema\/logo\/image\/","url":"https:\/\/unique-yachting-monaco.com\/wp-content\/uploads\/2021\/12\/logo-header.svg","contentUrl":"https:\/\/unique-yachting-monaco.com\/wp-content\/uploads\/2021\/12\/logo-header.svg","width":1,"height":1,"caption":"Unique Yachting"},"image":{"@id":"https:\/\/unique-yachting-monaco.com\/fr\/#\/schema\/logo\/image\/"}}]}},"_links":{"self":[{"href":"https:\/\/unique-yachting-monaco.com\/fr\/wp-json\/wp\/v2\/pages\/344"}],"collection":[{"href":"https:\/\/unique-yachting-monaco.com\/fr\/wp-json\/wp\/v2\/pages"}],"about":[{"href":"https:\/\/unique-yachting-monaco.com\/fr\/wp-json\/wp\/v2\/types\/page"}],"author":[{"embeddable":true,"href":"https:\/\/unique-yachting-monaco.com\/fr\/wp-json\/wp\/v2\/users\/1"}],"replies":[{"embeddable":true,"href":"https:\/\/unique-yachting-monaco.com\/fr\/wp-json\/wp\/v2\/comments?post=344"}],"version-history":[{"count":2,"href":"https:\/\/unique-yachting-monaco.com\/fr\/wp-json\/wp\/v2\/pages\/344\/revisions"}],"predecessor-version":[{"id":353,"href":"https:\/\/unique-yachting-monaco.com\/fr\/wp-json\/wp\/v2\/pages\/344\/revisions\/353"}],"wp:attachment":[{"href":"https:\/\/unique-yachting-monaco.com\/fr\/wp-json\/wp\/v2\/media?parent=344"}],"curies":[{"name":"wp","href":"https:\/\/api.w.org\/{rel}","templated":true}]}}